{"id":426,"date":"2025-11-25T17:07:01","date_gmt":"2025-11-25T17:07:01","guid":{"rendered":"https:\/\/www.medzlazov.sk\/?post_type=product&#038;p=426"},"modified":"2026-04-08T21:52:05","modified_gmt":"2026-04-08T21:52:05","slug":"lipovo-lesny-med-950g","status":"publish","type":"product","link":"https:\/\/www.medzlazov.sk\/?product=lipovo-lesny-med-950g","title":{"rendered":"Lipovo-lesn\u00fd med 950g"},"content":{"rendered":"<p>Tento letn\u00fd med zaujme nezamenite\u013enou ar\u00f3mou a pr\u00edjemnou chu\u0165ou, ktor\u00e9 mu dod\u00e1vaj\u00fa osobit\u00fd p\u00f4vab. Med zozbieran\u00fd z oblasti mimo zne\u010disten\u00fdch a zastavan\u00fdch miest, kde preva\u017euj\u00fa listnat\u00e9 lesy a h\u00e1je v okol\u00ed potokov a rybn\u00edkov.<\/p>\n<p>Ro\u010dn\u00edk 2024<\/p>\n","protected":false},"excerpt":{"rendered":"<p>Tento letn\u00fd med zaujme nezamenite\u013enou ar\u00f3mou a pr\u00edjemnou chu\u0165ou, ktor\u00e9 mu dod\u00e1vaj\u00fa osobit\u00fd p\u00f4vab. Med zozbieran\u00fd z oblasti mimo zne\u010disten\u00fdch a zastavan\u00fdch miest, kde preva\u017euj\u00fa listnat\u00e9 lesy a h\u00e1je v [&hellip;]<\/p>\n","protected":false},"featured_media":427,"comment_status":"open","ping_status":"closed","template":"","meta":[],"product_cat":[24],"product_tag":[],"class_list":{"0":"post-426","1":"product","2":"type-product","3":"status-publish","4":"has-post-thumbnail","6":"product_cat-medy","8":"first","9":"instock","10":"shipping-taxable","11":"purchasable","12":"product-type-simple"},"jetpack_sharing_enabled":true,"_links":{"self":[{"href":"https:\/\/www.medzlazov.sk\/index.php?rest_route=\/wp\/v2\/product\/426","targetHints":{"allow":["GET"]}}],"collection":[{"href":"https:\/\/www.medzlazov.sk\/index.php?rest_route=\/wp\/v2\/product"}],"about":[{"href":"https:\/\/www.medzlazov.sk\/index.php?rest_route=\/wp\/v2\/types\/product"}],"replies":[{"embeddable":true,"href":"https:\/\/www.medzlazov.sk\/index.php?rest_route=%2Fwp%2Fv2%2Fcomments&post=426"}],"wp:featuredmedia":[{"embeddable":true,"href":"https:\/\/www.medzlazov.sk\/index.php?rest_route=\/wp\/v2\/media\/427"}],"wp:attachment":[{"href":"https:\/\/www.medzlazov.sk\/index.php?rest_route=%2Fwp%2Fv2%2Fmedia&parent=426"}],"wp:term":[{"taxonomy":"product_cat","embeddable":true,"href":"https:\/\/www.medzlazov.sk\/index.php?rest_route=%2Fwp%2Fv2%2Fproduct_cat&post=426"},{"taxonomy":"product_tag","embeddable":true,"href":"https:\/\/www.medzlazov.sk\/index.php?rest_route=%2Fwp%2Fv2%2Fproduct_tag&post=426"}],"curies":[{"name":"wp","href":"https:\/\/api.w.org\/{rel}","templated":true}]}}