{"id":424,"date":"2025-11-25T16:51:56","date_gmt":"2025-11-25T16:51:56","guid":{"rendered":"https:\/\/www.medzlazov.sk\/?post_type=product&#038;p=424"},"modified":"2026-04-28T01:49:48","modified_gmt":"2026-04-28T01:49:48","slug":"agatovo-ceresnovy-med","status":"publish","type":"product","link":"https:\/\/www.medzlazov.sk\/?product=agatovo-ceresnovy-med","title":{"rendered":"Ag\u00e1tovo-\u010dere\u0161\u0148ov\u00fd med 950g"},"content":{"rendered":"","protected":false},"excerpt":{"rendered":"<p>Med jemnej chuti s ve\u013emi pomalou kry\u0161taliz\u00e1ciou z div\u00fdch ag\u00e1tov\u00fdch h\u00fa\u0161tin a neo\u0161etrovan\u00fdch \u010dere\u0161n\u00ed. V\u010faka svojej miernej a lahodnej chuti je v\u00fdborn\u00fd aj pre kombin\u00e1ciu s in\u00fdmi v\u00f4\u0148ami a pr\u00edchu\u0165ami.<\/p>\n<p>Ro\u010dn\u00edk 2024<\/p>\n","protected":false},"featured_media":422,"comment_status":"open","ping_status":"closed","template":"","meta":[],"product_cat":[24],"product_tag":[],"class_list":{"0":"post-424","1":"product","2":"type-product","3":"status-publish","4":"has-post-thumbnail","6":"product_cat-medy","8":"first","9":"instock","10":"shipping-taxable","11":"purchasable","12":"product-type-simple"},"jetpack_sharing_enabled":true,"_links":{"self":[{"href":"https:\/\/www.medzlazov.sk\/index.php?rest_route=\/wp\/v2\/product\/424","targetHints":{"allow":["GET"]}}],"collection":[{"href":"https:\/\/www.medzlazov.sk\/index.php?rest_route=\/wp\/v2\/product"}],"about":[{"href":"https:\/\/www.medzlazov.sk\/index.php?rest_route=\/wp\/v2\/types\/product"}],"replies":[{"embeddable":true,"href":"https:\/\/www.medzlazov.sk\/index.php?rest_route=%2Fwp%2Fv2%2Fcomments&post=424"}],"wp:featuredmedia":[{"embeddable":true,"href":"https:\/\/www.medzlazov.sk\/index.php?rest_route=\/wp\/v2\/media\/422"}],"wp:attachment":[{"href":"https:\/\/www.medzlazov.sk\/index.php?rest_route=%2Fwp%2Fv2%2Fmedia&parent=424"}],"wp:term":[{"taxonomy":"product_cat","embeddable":true,"href":"https:\/\/www.medzlazov.sk\/index.php?rest_route=%2Fwp%2Fv2%2Fproduct_cat&post=424"},{"taxonomy":"product_tag","embeddable":true,"href":"https:\/\/www.medzlazov.sk\/index.php?rest_route=%2Fwp%2Fv2%2Fproduct_tag&post=424"}],"curies":[{"name":"wp","href":"https:\/\/api.w.org\/{rel}","templated":true}]}}